{"id":14539,"date":"2025-05-06T16:36:56","date_gmt":"2025-05-06T14:36:56","guid":{"rendered":"https:\/\/www.futureglass.es\/glassgourmet\/"},"modified":"2025-07-22T12:15:56","modified_gmt":"2025-07-22T10:15:56","slug":"glassgourmet","status":"publish","type":"page","link":"https:\/\/www.futureglass.es\/ca\/glassgourmet\/","title":{"rendered":"Glassgourmet"},"content":{"rendered":"\t\t<div data-elementor-type=\"wp-page\" data-elementor-id=\"14539\" class=\"elementor elementor-14539 elementor-11688\">\n\t\t\t\t<div class=\"elementor-element elementor-element-a2ff6ff e-con-full e-flex e-con e-parent\" data-id=\"a2ff6ff\" data-element_type=\"container\" data-settings=\"{&quot;background_background&quot;:&quot;classic&quot;}\">\n\t\t<div class=\"elementor-element elementor-element-11c127e e-con-full e-flex e-con e-child\" data-id=\"11c127e\" data-element_type=\"container\" data-settings=\"{&quot;background_background&quot;:&quot;classic&quot;}\">\n\t\t\t\t<div class=\"elementor-element elementor-element-ccb4278 elementor-widget__width-initial elementor-widget elementor-widget-image\" data-id=\"ccb4278\" data-element_type=\"widget\" data-widget_type=\"image.default\">\n\t\t\t\t<div class=\"elementor-widget-container\">\n\t\t\t\t\t\t\t\t\t\t\t\t\t\t\t<img decoding=\"async\" src=\"https:\/\/www.futureglass.es\/wp-content\/uploads\/2025\/05\/gourmet-icon.svg\" title=\"gourmet-icon\" alt=\"gourmet-icon\" loading=\"lazy\" \/>\t\t\t\t\t\t\t\t\t\t\t\t\t\t\t<\/div>\n\t\t\t\t<\/div>\n\t\t\t\t<div class=\"elementor-element elementor-element-5b5b82b elementor-widget__width-initial elementor-widget elementor-widget-heading\" data-id=\"5b5b82b\" data-element_type=\"widget\" data-widget_type=\"heading.default\">\n\t\t\t\t<div class=\"elementor-widget-container\">\n\t\t\t\t\t<span class=\"elementor-heading-title elementor-size-default\">Reflectint la nostra passi\u00f3 pel detall.<\/span>\t\t\t\t<\/div>\n\t\t\t\t<\/div>\n\t\t\t\t<div class=\"elementor-element elementor-element-59a819e elementor-absolute elementor-view-default elementor-widget elementor-widget-icon\" data-id=\"59a819e\" data-element_type=\"widget\" data-settings=\"{&quot;_position&quot;:&quot;absolute&quot;}\" data-widget_type=\"icon.default\">\n\t\t\t\t<div class=\"elementor-widget-container\">\n\t\t\t\t\t\t\t<div class=\"elementor-icon-wrapper\">\n\t\t\t<div class=\"elementor-icon\">\n\t\t\t<svg xmlns=\"http:\/\/www.w3.org\/2000\/svg\" width=\"22\" height=\"23\" viewBox=\"0 0 22 23\" fill=\"none\"><path d=\"M11.8234 17.8529L17.9998 11.6765L11.8234 5.5\" stroke=\"black\"><\/path><path d=\"M3 11.6765H18\" stroke=\"black\"><\/path><\/svg>\t\t\t<\/div>\n\t\t<\/div>\n\t\t\t\t\t\t<\/div>\n\t\t\t\t<\/div>\n\t\t\t\t<\/div>\n\t\t\t\t<\/div>\n\t\t<div class=\"elementor-element elementor-element-c1568d1 parallax-bg e-flex e-con-boxed e-con e-parent\" data-id=\"c1568d1\" data-element_type=\"container\" data-settings=\"{&quot;background_background&quot;:&quot;slideshow&quot;,&quot;background_slideshow_gallery&quot;:[],&quot;background_slideshow_loop&quot;:&quot;yes&quot;,&quot;background_slideshow_slide_duration&quot;:5000,&quot;background_slideshow_slide_transition&quot;:&quot;fade&quot;,&quot;background_slideshow_transition_duration&quot;:500}\">\n\t\t\t\t\t<div class=\"e-con-inner\">\n\t\t\t\t\t<\/div>\n\t\t\t\t<\/div>\n\t\t<div class=\"elementor-element elementor-element-a244543 e-con-full e-flex e-con e-parent\" data-id=\"a244543\" data-element_type=\"container\" data-settings=\"{&quot;background_background&quot;:&quot;classic&quot;}\">\n\t\t<div class=\"elementor-element elementor-element-d359775 e-con-full e-flex e-con e-child\" data-id=\"d359775\" data-element_type=\"container\">\n\t\t\t\t<div class=\"elementor-element elementor-element-cad2f73 elementor-widget elementor-widget-heading\" data-id=\"cad2f73\" data-element_type=\"widget\" data-widget_type=\"heading.default\">\n\t\t\t\t<div class=\"elementor-widget-container\">\n\t\t\t\t\t<h2 class=\"elementor-heading-title elementor-size-default\">Dissenyem amb cura, reflectint la nostra passi\u00f3 pel detall i el comprom\u00eds amb l'excel\u00b7l\u00e8ncia en cadascuna de les nostres creacions.<\/h2>\t\t\t\t<\/div>\n\t\t\t\t<\/div>\n\t\t\t\t<\/div>\n\t\t<div class=\"elementor-element elementor-element-a149f9d e-con-full elementor-hidden-tablet elementor-hidden-mobile e-flex e-con e-child\" data-id=\"a149f9d\" data-element_type=\"container\">\n\t\t\t\t<\/div>\n\t\t<div class=\"elementor-element elementor-element-8821c49 e-con-full e-flex e-con e-child\" data-id=\"8821c49\" data-element_type=\"container\">\n\t\t\t\t<div class=\"elementor-element elementor-element-1b808fb elementor-widget elementor-widget-image\" data-id=\"1b808fb\" data-element_type=\"widget\" data-widget_type=\"image.default\">\n\t\t\t\t<div class=\"elementor-widget-container\">\n\t\t\t\t\t\t\t\t\t\t\t\t\t\t\t<img fetchpriority=\"high\" decoding=\"async\" width=\"1200\" height=\"800\" src=\"https:\/\/www.futureglass.es\/wp-content\/uploads\/2025\/07\/Foto-Glassgourmet-scaled-e1751449912474.webp\" class=\"attachment-full size-full wp-image-14523\" alt=\"\" \/>\t\t\t\t\t\t\t\t\t\t\t\t\t\t\t<\/div>\n\t\t\t\t<\/div>\n\t\t\t\t<\/div>\n\t\t<div class=\"elementor-element elementor-element-61c10c1 e-con-full e-flex e-con e-child\" data-id=\"61c10c1\" data-element_type=\"container\">\n\t\t\t\t<div class=\"elementor-element elementor-element-5dc356a elementor-widget elementor-widget-text-editor\" data-id=\"5dc356a\" data-element_type=\"widget\" data-widget_type=\"text-editor.default\">\n\t\t\t\t<div class=\"elementor-widget-container\">\n\t\t\t\t\t\t\t\t\t<p>Explora la nostra col\u00b7lecci\u00f3 de serveis de taula, creats artesanalment amb vidre.<\/p>\t\t\t\t\t\t\t\t<\/div>\n\t\t\t\t<\/div>\n\t\t\t\t<div class=\"elementor-element elementor-element-8076020 elementor-widget elementor-widget-text-editor\" data-id=\"8076020\" data-element_type=\"widget\" data-widget_type=\"text-editor.default\">\n\t\t\t\t<div class=\"elementor-widget-container\">\n\t\t\t\t\t\t\t\t\tDissenys \u00fanics que destaquen pels colors vibrants i textures originals, aportant estil i personalitat a cada taula.\t\t\t\t\t\t\t\t<\/div>\n\t\t\t\t<\/div>\n\t\t\t\t<div class=\"elementor-element elementor-element-15c45f3 elementor-widget elementor-widget-button\" data-id=\"15c45f3\" data-element_type=\"widget\" data-widget_type=\"button.default\">\n\t\t\t\t<div class=\"elementor-widget-container\">\n\t\t\t\t\t\t\t\t\t<div class=\"elementor-button-wrapper\">\n\t\t\t\t\t<a class=\"elementor-button elementor-button-link elementor-size-sm\" href=\"https:\/\/www.glassgourmet.es\/ca\/\">\n\t\t\t\t\t\t<span class=\"elementor-button-content-wrapper\">\n\t\t\t\t\t\t<span class=\"elementor-button-icon\">\n\t\t\t\t<svg xmlns=\"http:\/\/www.w3.org\/2000\/svg\" width=\"22\" height=\"23\" viewBox=\"0 0 22 23\" fill=\"none\"><path d=\"M11.8234 17.8529L17.9998 11.6765L11.8234 5.5\" stroke=\"black\"><\/path><path d=\"M3 11.6765H18\" stroke=\"black\"><\/path><\/svg>\t\t\t<\/span>\n\t\t\t\t\t\t\t\t\t<span class=\"elementor-button-text\">www.glassgourmet.es<\/span>\n\t\t\t\t\t<\/span>\n\t\t\t\t\t<\/a>\n\t\t\t\t<\/div>\n\t\t\t\t\t\t\t\t<\/div>\n\t\t\t\t<\/div>\n\t\t\t\t<\/div>\n\t\t\t\t<\/div>\n\t\t<div class=\"elementor-element elementor-element-d828ffb e-con-full e-flex e-con e-parent\" data-id=\"d828ffb\" data-element_type=\"container\">\n\t\t<div class=\"elementor-element elementor-element-1a0c809 e-con-full e-flex e-con e-child\" data-id=\"1a0c809\" data-element_type=\"container\">\n\t\t\t\t<div class=\"elementor-element elementor-element-bae89e7 elementor-widget elementor-widget-heading\" data-id=\"bae89e7\" data-element_type=\"widget\" data-widget_type=\"heading.default\">\n\t\t\t\t<div class=\"elementor-widget-container\">\n\t\t\t\t\t<h2 class=\"elementor-heading-title elementor-size-default\">La nostra gamma de productes artesanals no t\u00e9 l\u00edmits, ens adaptem a tu de Glassgourmet<\/h2>\t\t\t\t<\/div>\n\t\t\t\t<\/div>\n\t\t\t\t<\/div>\n\t\t<div class=\"elementor-element elementor-element-db1aeb0 e-con-full e-flex e-con e-child\" data-id=\"db1aeb0\" data-element_type=\"container\">\n\t\t\t\t<div class=\"elementor-element elementor-element-2e92e44 custom-carrusel-gass elementor-arrows-position-inside elementor-widget elementor-widget-image-carousel\" data-id=\"2e92e44\" data-element_type=\"widget\" data-settings=\"{&quot;navigation&quot;:&quot;arrows&quot;,&quot;autoplay_speed&quot;:3500,&quot;image_spacing_custom&quot;:{&quot;unit&quot;:&quot;px&quot;,&quot;size&quot;:40,&quot;sizes&quot;:[]},&quot;slides_to_show&quot;:&quot;3&quot;,&quot;slides_to_scroll&quot;:&quot;1&quot;,&quot;autoplay&quot;:&quot;yes&quot;,&quot;infinite&quot;:&quot;yes&quot;,&quot;speed&quot;:500,&quot;image_spacing_custom_tablet&quot;:{&quot;unit&quot;:&quot;px&quot;,&quot;size&quot;:&quot;&quot;,&quot;sizes&quot;:[]},&quot;image_spacing_custom_mobile&quot;:{&quot;unit&quot;:&quot;px&quot;,&quot;size&quot;:&quot;&quot;,&quot;sizes&quot;:[]}}\" data-widget_type=\"image-carousel.default\">\n\t\t\t\t<div class=\"elementor-widget-container\">\n\t\t\t\t\t\t\t<div class=\"elementor-image-carousel-wrapper swiper\" role=\"region\" aria-roledescription=\"carousel\" aria-label=\"Carrusel de im\u00e1genes\" dir=\"ltr\">\n\t\t\t<div class=\"elementor-image-carousel swiper-wrapper\" aria-live=\"off\">\n\t\t\t\t\t\t\t\t<div class=\"swiper-slide\" role=\"group\" aria-roledescription=\"slide\" aria-label=\"1 of 10\"><figure class=\"swiper-slide-inner\"><img decoding=\"async\" class=\"swiper-slide-image\" src=\"https:\/\/www.futureglass.es\/wp-content\/uploads\/2025\/03\/1.GLASSGOURMET-52-copia-scaled.webp\" alt=\"1.GLASSGOURMET-52 copia\" \/><\/figure><\/div><div class=\"swiper-slide\" role=\"group\" aria-roledescription=\"slide\" aria-label=\"2 of 10\"><figure class=\"swiper-slide-inner\"><img decoding=\"async\" class=\"swiper-slide-image\" src=\"https:\/\/www.futureglass.es\/wp-content\/uploads\/2025\/03\/1.GLASSGOURMET-54-copia-scaled.webp\" alt=\"1.GLASSGOURMET-54 copia\" \/><\/figure><\/div><div class=\"swiper-slide\" role=\"group\" aria-roledescription=\"slide\" aria-label=\"3 of 10\"><figure class=\"swiper-slide-inner\"><img decoding=\"async\" class=\"swiper-slide-image\" src=\"https:\/\/www.futureglass.es\/wp-content\/uploads\/2025\/03\/1.GLASSGOURMET-58-copia-scaled.webp\" alt=\"1.GLASSGOURMET-58 copia\" \/><\/figure><\/div><div class=\"swiper-slide\" role=\"group\" aria-roledescription=\"slide\" aria-label=\"4 of 10\"><figure class=\"swiper-slide-inner\"><img decoding=\"async\" class=\"swiper-slide-image\" src=\"https:\/\/www.futureglass.es\/wp-content\/uploads\/2025\/03\/1.GLASSGOURMET-74-copia-scaled.webp\" alt=\"1.GLASSGOURMET-74 copia\" \/><\/figure><\/div><div class=\"swiper-slide\" role=\"group\" aria-roledescription=\"slide\" aria-label=\"5 of 10\"><figure class=\"swiper-slide-inner\"><img decoding=\"async\" class=\"swiper-slide-image\" src=\"https:\/\/www.futureglass.es\/wp-content\/uploads\/2025\/03\/1.GLASSGOURMET-75-copia-scaled.webp\" alt=\"1.GLASSGOURMET-75 copia\" \/><\/figure><\/div><div class=\"swiper-slide\" role=\"group\" aria-roledescription=\"slide\" aria-label=\"6 of 10\"><figure class=\"swiper-slide-inner\"><img decoding=\"async\" class=\"swiper-slide-image\" src=\"https:\/\/www.futureglass.es\/wp-content\/uploads\/2025\/03\/1.GLASSGOURMET-83-copia-scaled.webp\" alt=\"1.GLASSGOURMET-83 copia\" \/><\/figure><\/div><div class=\"swiper-slide\" role=\"group\" aria-roledescription=\"slide\" aria-label=\"7 of 10\"><figure class=\"swiper-slide-inner\"><img decoding=\"async\" class=\"swiper-slide-image\" src=\"https:\/\/www.futureglass.es\/wp-content\/uploads\/2025\/03\/1.GLASSGOURMET-161-copia-scaled.webp\" alt=\"1.GLASSGOURMET-161 copia\" \/><\/figure><\/div><div class=\"swiper-slide\" role=\"group\" aria-roledescription=\"slide\" aria-label=\"8 of 10\"><figure class=\"swiper-slide-inner\"><img decoding=\"async\" class=\"swiper-slide-image\" src=\"https:\/\/www.futureglass.es\/wp-content\/uploads\/2025\/03\/2.GLASSGOURMET-90-copia-scaled.webp\" alt=\"2.GLASSGOURMET-90 copia\" \/><\/figure><\/div><div class=\"swiper-slide\" role=\"group\" aria-roledescription=\"slide\" aria-label=\"9 of 10\"><figure class=\"swiper-slide-inner\"><img decoding=\"async\" class=\"swiper-slide-image\" src=\"https:\/\/www.futureglass.es\/wp-content\/uploads\/2025\/03\/2.GLASSGOURMET-93-copia-scaled.webp\" alt=\"2.GLASSGOURMET-93 copia\" \/><\/figure><\/div><div class=\"swiper-slide\" role=\"group\" aria-roledescription=\"slide\" aria-label=\"10 of 10\"><figure class=\"swiper-slide-inner\"><img decoding=\"async\" class=\"swiper-slide-image\" src=\"https:\/\/www.futureglass.es\/wp-content\/uploads\/2025\/03\/31_plats-4-copia-scaled.webp\" alt=\"31_plats-4 copia\" \/><\/figure><\/div>\t\t\t<\/div>\n\t\t\t\t\t\t\t\t\t\t\t\t<div class=\"elementor-swiper-button elementor-swiper-button-prev\" role=\"button\" tabindex=\"0\">\n\t\t\t\t\t\t<svg xmlns=\"http:\/\/www.w3.org\/2000\/svg\" width=\"28\" height=\"28\" viewBox=\"0 0 28 28\" fill=\"none\"><path d=\"M12.765 19.5294L7.00031 13.7647L12.765 8\" stroke=\"black\"><\/path><path d=\"M21 13.7646H7\" stroke=\"black\"><\/path><rect x=\"-0.5\" y=\"0.5\" width=\"27\" height=\"27\" rx=\"13.5\" transform=\"matrix(-1 0 0 1 27 0)\" stroke=\"#EAEAEA\"><\/rect><\/svg>\t\t\t\t\t<\/div>\n\t\t\t\t\t<div class=\"elementor-swiper-button elementor-swiper-button-next\" role=\"button\" tabindex=\"0\">\n\t\t\t\t\t\t<svg xmlns=\"http:\/\/www.w3.org\/2000\/svg\" width=\"28\" height=\"28\" viewBox=\"0 0 28 28\" fill=\"none\"><path d=\"M15.235 19.5294L20.9997 13.7647L15.235 8\" stroke=\"black\"><\/path><path d=\"M7 13.7646H21\" stroke=\"black\"><\/path><rect x=\"0.5\" y=\"0.5\" width=\"27\" height=\"27\" rx=\"13.5\" stroke=\"#EAEAEA\"><\/rect><\/svg>\t\t\t\t\t<\/div>\n\t\t\t\t\n\t\t\t\t\t\t\t\t\t<\/div>\n\t\t\t\t\t\t<\/div>\n\t\t\t\t<\/div>\n\t\t\t\t<\/div>\n\t\t<div class=\"elementor-element elementor-element-9f064d3 e-con-full e-flex e-con e-child\" data-id=\"9f064d3\" data-element_type=\"container\">\n\t\t\t\t<\/div>\n\t\t<div class=\"elementor-element elementor-element-8136617 e-con-full e-flex e-con e-child\" data-id=\"8136617\" data-element_type=\"container\">\n\t\t\t\t<div class=\"elementor-element elementor-element-e1a571d elementor-widget elementor-widget-text-editor\" data-id=\"e1a571d\" data-element_type=\"widget\" data-widget_type=\"text-editor.default\">\n\t\t\t\t<div class=\"elementor-widget-container\">\n\t\t\t\t\t\t\t\t\tA Glassgourmet fusionem tradici\u00f3 i avantguarda per crear peces exclusives de vidre que realcen l&#8217;experi\u00e8ncia gastron\u00f2mica. Cada disseny artesanal aporta distinci\u00f3 a la taula i transforma cada presentaci\u00f3 en una expressi\u00f3 de creativitat i eleg\u00e0ncia. \t\t\t\t\t\t\t\t<\/div>\n\t\t\t\t<\/div>\n\t\t\t\t<\/div>\n\t\t\t\t<\/div>\n\t\t\t\t<\/div>\n\t\t","protected":false},"excerpt":{"rendered":"<p>Reflectint la nostra passi\u00f3 pel detall. Dissenyem amb cura, reflectint la nostra passi\u00f3 pel detall i el comprom\u00eds amb l&#8217;excel\u00b7l\u00e8ncia en cadascuna de les nostres creacions. Explora la nostra col\u00b7lecci\u00f3 de serveis de taula, creats artesanalment amb vidre. Dissenys \u00fanics que destaquen pels colors vibrants i textures originals, aportant estil i personalitat a cada taula. [&hellip;]<\/p>\n","protected":false},"author":1,"featured_media":0,"parent":0,"menu_order":0,"comment_status":"closed","ping_status":"closed","template":"","meta":{"_acf_changed":false,"footnotes":""},"class_list":["post-14539","page","type-page","status-publish","hentry"],"acf":[],"yoast_head":"<!-- This site is optimized with the Yoast SEO plugin v25.7 - https:\/\/yoast.com\/wordpress\/plugins\/seo\/ -->\n<title>Glassgourmet - FUTUREGLASS<\/title>\n<meta name=\"robots\" content=\"index, follow, max-snippet:-1, max-image-preview:large, max-video-preview:-1\" \/>\n<link rel=\"canonical\" href=\"https:\/\/www.futureglass.es\/ca\/glassgourmet\/\" \/>\n<meta property=\"og:locale\" content=\"ca_ES\" \/>\n<meta property=\"og:type\" content=\"article\" \/>\n<meta property=\"og:title\" content=\"Glassgourmet - FUTUREGLASS\" \/>\n<meta property=\"og:description\" content=\"Reflectint la nostra passi\u00f3 pel detall. Dissenyem amb cura, reflectint la nostra passi\u00f3 pel detall i el comprom\u00eds amb l&#8217;excel\u00b7l\u00e8ncia en cadascuna de les nostres creacions. Explora la nostra col\u00b7lecci\u00f3 de serveis de taula, creats artesanalment amb vidre. Dissenys \u00fanics que destaquen pels colors vibrants i textures originals, aportant estil i personalitat a cada taula. [&hellip;]\" \/>\n<meta property=\"og:url\" content=\"https:\/\/www.futureglass.es\/ca\/glassgourmet\/\" \/>\n<meta property=\"og:site_name\" content=\"FUTUREGLASS\" \/>\n<meta property=\"article:modified_time\" content=\"2025-07-22T10:15:56+00:00\" \/>\n<meta property=\"og:image\" content=\"https:\/\/www.futureglass.es\/wp-content\/uploads\/2025\/05\/gourmet-icon.svg\" \/>\n<meta name=\"twitter:card\" content=\"summary_large_image\" \/>\n<meta name=\"twitter:label1\" content=\"Est. reading time\" \/>\n\t<meta name=\"twitter:data1\" content=\"1 minute\" \/>\n<script type=\"application\/ld+json\" class=\"yoast-schema-graph\">{\"@context\":\"https:\/\/schema.org\",\"@graph\":[{\"@type\":\"WebPage\",\"@id\":\"https:\/\/www.futureglass.es\/ca\/glassgourmet\/\",\"url\":\"https:\/\/www.futureglass.es\/ca\/glassgourmet\/\",\"name\":\"Glassgourmet - FUTUREGLASS\",\"isPartOf\":{\"@id\":\"https:\/\/www.futureglass.es\/#website\"},\"primaryImageOfPage\":{\"@id\":\"https:\/\/www.futureglass.es\/ca\/glassgourmet\/#primaryimage\"},\"image\":{\"@id\":\"https:\/\/www.futureglass.es\/ca\/glassgourmet\/#primaryimage\"},\"thumbnailUrl\":\"https:\/\/www.futureglass.es\/wp-content\/uploads\/2025\/05\/gourmet-icon.svg\",\"datePublished\":\"2025-05-06T14:36:56+00:00\",\"dateModified\":\"2025-07-22T10:15:56+00:00\",\"breadcrumb\":{\"@id\":\"https:\/\/www.futureglass.es\/ca\/glassgourmet\/#breadcrumb\"},\"inLanguage\":\"ca\",\"potentialAction\":[{\"@type\":\"ReadAction\",\"target\":[\"https:\/\/www.futureglass.es\/ca\/glassgourmet\/\"]}]},{\"@type\":\"ImageObject\",\"inLanguage\":\"ca\",\"@id\":\"https:\/\/www.futureglass.es\/ca\/glassgourmet\/#primaryimage\",\"url\":\"https:\/\/www.futureglass.es\/wp-content\/uploads\/2025\/05\/gourmet-icon.svg\",\"contentUrl\":\"https:\/\/www.futureglass.es\/wp-content\/uploads\/2025\/05\/gourmet-icon.svg\"},{\"@type\":\"BreadcrumbList\",\"@id\":\"https:\/\/www.futureglass.es\/ca\/glassgourmet\/#breadcrumb\",\"itemListElement\":[{\"@type\":\"ListItem\",\"position\":1,\"name\":\"Portada\",\"item\":\"https:\/\/www.futureglass.es\/ca\/inici\/\"},{\"@type\":\"ListItem\",\"position\":2,\"name\":\"Glassgourmet\"}]},{\"@type\":\"WebSite\",\"@id\":\"https:\/\/www.futureglass.es\/#website\",\"url\":\"https:\/\/www.futureglass.es\/\",\"name\":\"FUTUREGLASS\",\"description\":\"\",\"publisher\":{\"@id\":\"https:\/\/www.futureglass.es\/#organization\"},\"potentialAction\":[{\"@type\":\"SearchAction\",\"target\":{\"@type\":\"EntryPoint\",\"urlTemplate\":\"https:\/\/www.futureglass.es\/?s={search_term_string}\"},\"query-input\":{\"@type\":\"PropertyValueSpecification\",\"valueRequired\":true,\"valueName\":\"search_term_string\"}}],\"inLanguage\":\"ca\"},{\"@type\":\"Organization\",\"@id\":\"https:\/\/www.futureglass.es\/#organization\",\"name\":\"FUTUREGLASS\",\"url\":\"https:\/\/www.futureglass.es\/\",\"logo\":{\"@type\":\"ImageObject\",\"inLanguage\":\"ca\",\"@id\":\"https:\/\/www.futureglass.es\/#\/schema\/logo\/image\/\",\"url\":\"https:\/\/www.futureglass.es\/wp-content\/uploads\/2025\/03\/Recurso-9.svg\",\"contentUrl\":\"https:\/\/www.futureglass.es\/wp-content\/uploads\/2025\/03\/Recurso-9.svg\",\"width\":1,\"height\":1,\"caption\":\"FUTUREGLASS\"},\"image\":{\"@id\":\"https:\/\/www.futureglass.es\/#\/schema\/logo\/image\/\"}}]}<\/script>\n<!-- \/ Yoast SEO plugin. -->","yoast_head_json":{"title":"Glassgourmet - FUTUREGLASS","robots":{"index":"index","follow":"follow","max-snippet":"max-snippet:-1","max-image-preview":"max-image-preview:large","max-video-preview":"max-video-preview:-1"},"canonical":"https:\/\/www.futureglass.es\/ca\/glassgourmet\/","og_locale":"ca_ES","og_type":"article","og_title":"Glassgourmet - FUTUREGLASS","og_description":"Reflectint la nostra passi\u00f3 pel detall. Dissenyem amb cura, reflectint la nostra passi\u00f3 pel detall i el comprom\u00eds amb l&#8217;excel\u00b7l\u00e8ncia en cadascuna de les nostres creacions. Explora la nostra col\u00b7lecci\u00f3 de serveis de taula, creats artesanalment amb vidre. Dissenys \u00fanics que destaquen pels colors vibrants i textures originals, aportant estil i personalitat a cada taula. [&hellip;]","og_url":"https:\/\/www.futureglass.es\/ca\/glassgourmet\/","og_site_name":"FUTUREGLASS","article_modified_time":"2025-07-22T10:15:56+00:00","og_image":[{"url":"https:\/\/www.futureglass.es\/wp-content\/uploads\/2025\/05\/gourmet-icon.svg","type":"","width":"","height":""}],"twitter_card":"summary_large_image","twitter_misc":{"Est. reading time":"1 minute"},"schema":{"@context":"https:\/\/schema.org","@graph":[{"@type":"WebPage","@id":"https:\/\/www.futureglass.es\/ca\/glassgourmet\/","url":"https:\/\/www.futureglass.es\/ca\/glassgourmet\/","name":"Glassgourmet - FUTUREGLASS","isPartOf":{"@id":"https:\/\/www.futureglass.es\/#website"},"primaryImageOfPage":{"@id":"https:\/\/www.futureglass.es\/ca\/glassgourmet\/#primaryimage"},"image":{"@id":"https:\/\/www.futureglass.es\/ca\/glassgourmet\/#primaryimage"},"thumbnailUrl":"https:\/\/www.futureglass.es\/wp-content\/uploads\/2025\/05\/gourmet-icon.svg","datePublished":"2025-05-06T14:36:56+00:00","dateModified":"2025-07-22T10:15:56+00:00","breadcrumb":{"@id":"https:\/\/www.futureglass.es\/ca\/glassgourmet\/#breadcrumb"},"inLanguage":"ca","potentialAction":[{"@type":"ReadAction","target":["https:\/\/www.futureglass.es\/ca\/glassgourmet\/"]}]},{"@type":"ImageObject","inLanguage":"ca","@id":"https:\/\/www.futureglass.es\/ca\/glassgourmet\/#primaryimage","url":"https:\/\/www.futureglass.es\/wp-content\/uploads\/2025\/05\/gourmet-icon.svg","contentUrl":"https:\/\/www.futureglass.es\/wp-content\/uploads\/2025\/05\/gourmet-icon.svg"},{"@type":"BreadcrumbList","@id":"https:\/\/www.futureglass.es\/ca\/glassgourmet\/#breadcrumb","itemListElement":[{"@type":"ListItem","position":1,"name":"Portada","item":"https:\/\/www.futureglass.es\/ca\/inici\/"},{"@type":"ListItem","position":2,"name":"Glassgourmet"}]},{"@type":"WebSite","@id":"https:\/\/www.futureglass.es\/#website","url":"https:\/\/www.futureglass.es\/","name":"FUTUREGLASS","description":"","publisher":{"@id":"https:\/\/www.futureglass.es\/#organization"},"potentialAction":[{"@type":"SearchAction","target":{"@type":"EntryPoint","urlTemplate":"https:\/\/www.futureglass.es\/?s={search_term_string}"},"query-input":{"@type":"PropertyValueSpecification","valueRequired":true,"valueName":"search_term_string"}}],"inLanguage":"ca"},{"@type":"Organization","@id":"https:\/\/www.futureglass.es\/#organization","name":"FUTUREGLASS","url":"https:\/\/www.futureglass.es\/","logo":{"@type":"ImageObject","inLanguage":"ca","@id":"https:\/\/www.futureglass.es\/#\/schema\/logo\/image\/","url":"https:\/\/www.futureglass.es\/wp-content\/uploads\/2025\/03\/Recurso-9.svg","contentUrl":"https:\/\/www.futureglass.es\/wp-content\/uploads\/2025\/03\/Recurso-9.svg","width":1,"height":1,"caption":"FUTUREGLASS"},"image":{"@id":"https:\/\/www.futureglass.es\/#\/schema\/logo\/image\/"}}]}},"_links":{"self":[{"href":"https:\/\/www.futureglass.es\/ca\/wp-json\/wp\/v2\/pages\/14539","targetHints":{"allow":["GET"]}}],"collection":[{"href":"https:\/\/www.futureglass.es\/ca\/wp-json\/wp\/v2\/pages"}],"about":[{"href":"https:\/\/www.futureglass.es\/ca\/wp-json\/wp\/v2\/types\/page"}],"author":[{"embeddable":true,"href":"https:\/\/www.futureglass.es\/ca\/wp-json\/wp\/v2\/users\/1"}],"replies":[{"embeddable":true,"href":"https:\/\/www.futureglass.es\/ca\/wp-json\/wp\/v2\/comments?post=14539"}],"version-history":[{"count":4,"href":"https:\/\/www.futureglass.es\/ca\/wp-json\/wp\/v2\/pages\/14539\/revisions"}],"predecessor-version":[{"id":14680,"href":"https:\/\/www.futureglass.es\/ca\/wp-json\/wp\/v2\/pages\/14539\/revisions\/14680"}],"wp:attachment":[{"href":"https:\/\/www.futureglass.es\/ca\/wp-json\/wp\/v2\/media?parent=14539"}],"curies":[{"name":"wp","href":"https:\/\/api.w.org\/{rel}","templated":true}]}}