{"id":14541,"date":"2025-05-06T16:37:13","date_gmt":"2025-05-06T14:37:13","guid":{"rendered":"https:\/\/www.futureglass.es\/glassmixology\/"},"modified":"2025-07-22T12:14:26","modified_gmt":"2025-07-22T10:14:26","slug":"glassmixology","status":"publish","type":"page","link":"https:\/\/www.futureglass.es\/ca\/glassmixology\/","title":{"rendered":"Glassmixology"},"content":{"rendered":"\t\t<div data-elementor-type=\"wp-page\" data-elementor-id=\"14541\" class=\"elementor elementor-14541 elementor-11690\">\n\t\t\t\t<div class=\"elementor-element elementor-element-8d1e1ac e-con-full e-flex e-con e-parent\" data-id=\"8d1e1ac\" data-element_type=\"container\" data-settings=\"{&quot;background_background&quot;:&quot;classic&quot;}\">\n\t\t<div class=\"elementor-element elementor-element-292dc81 e-con-full e-flex e-con e-child\" data-id=\"292dc81\" data-element_type=\"container\" data-settings=\"{&quot;background_background&quot;:&quot;classic&quot;}\">\n\t\t\t\t<div class=\"elementor-element elementor-element-8534cc4 elementor-widget__width-initial elementor-widget elementor-widget-image\" data-id=\"8534cc4\" data-element_type=\"widget\" data-widget_type=\"image.default\">\n\t\t\t\t<div class=\"elementor-widget-container\">\n\t\t\t\t\t\t\t\t\t\t\t\t\t\t\t<img decoding=\"async\" src=\"https:\/\/www.futureglass.es\/wp-content\/uploads\/2025\/05\/mixology-ion.svg\" title=\"mixology-ion\" alt=\"mixology-ion\" loading=\"lazy\" \/>\t\t\t\t\t\t\t\t\t\t\t\t\t\t\t<\/div>\n\t\t\t\t<\/div>\n\t\t\t\t<div class=\"elementor-element elementor-element-56f925f elementor-widget__width-initial elementor-widget elementor-widget-heading\" data-id=\"56f925f\" data-element_type=\"widget\" data-widget_type=\"heading.default\">\n\t\t\t\t<div class=\"elementor-widget-container\">\n\t\t\t\t\t<span class=\"elementor-heading-title elementor-size-default\">Bufem art per a cada c\u00f2ctel.<\/span>\t\t\t\t<\/div>\n\t\t\t\t<\/div>\n\t\t\t\t<div class=\"elementor-element elementor-element-bafb0ed elementor-absolute elementor-view-default elementor-widget elementor-widget-icon\" data-id=\"bafb0ed\" data-element_type=\"widget\" data-settings=\"{&quot;_position&quot;:&quot;absolute&quot;}\" data-widget_type=\"icon.default\">\n\t\t\t\t<div class=\"elementor-widget-container\">\n\t\t\t\t\t\t\t<div class=\"elementor-icon-wrapper\">\n\t\t\t<div class=\"elementor-icon\">\n\t\t\t<svg xmlns=\"http:\/\/www.w3.org\/2000\/svg\" width=\"22\" height=\"23\" viewBox=\"0 0 22 23\" fill=\"none\"><path d=\"M11.8234 17.8529L17.9998 11.6765L11.8234 5.5\" stroke=\"black\"><\/path><path d=\"M3 11.6765H18\" stroke=\"black\"><\/path><\/svg>\t\t\t<\/div>\n\t\t<\/div>\n\t\t\t\t\t\t<\/div>\n\t\t\t\t<\/div>\n\t\t\t\t<\/div>\n\t\t\t\t<\/div>\n\t\t<div class=\"elementor-element elementor-element-50cbdb8 parallax-bg-2 e-flex e-con-boxed e-con e-parent\" data-id=\"50cbdb8\" data-element_type=\"container\" data-settings=\"{&quot;background_background&quot;:&quot;slideshow&quot;,&quot;background_slideshow_gallery&quot;:[],&quot;background_slideshow_loop&quot;:&quot;yes&quot;,&quot;background_slideshow_slide_duration&quot;:5000,&quot;background_slideshow_slide_transition&quot;:&quot;fade&quot;,&quot;background_slideshow_transition_duration&quot;:500}\">\n\t\t\t\t\t<div class=\"e-con-inner\">\n\t\t\t\t\t<\/div>\n\t\t\t\t<\/div>\n\t\t<div class=\"elementor-element elementor-element-f7eb63e e-con-full e-flex e-con e-parent\" data-id=\"f7eb63e\" data-element_type=\"container\" data-settings=\"{&quot;background_background&quot;:&quot;classic&quot;}\">\n\t\t<div class=\"elementor-element elementor-element-a656ee0 e-con-full e-flex e-con e-child\" data-id=\"a656ee0\" data-element_type=\"container\">\n\t\t\t\t<div class=\"elementor-element elementor-element-6d34587 elementor-widget elementor-widget-heading\" data-id=\"6d34587\" data-element_type=\"widget\" data-widget_type=\"heading.default\">\n\t\t\t\t<div class=\"elementor-widget-container\">\n\t\t\t\t\t<h2 class=\"elementor-heading-title elementor-size-default\">Imagina un lloc on la creativitat es troba amb l'eleg\u00e0ncia i cada glop \u00e9s una experi\u00e8ncia per als sentits.  <\/h2>\t\t\t\t<\/div>\n\t\t\t\t<\/div>\n\t\t\t\t<\/div>\n\t\t<div class=\"elementor-element elementor-element-a54996d e-con-full elementor-hidden-tablet elementor-hidden-mobile e-flex e-con e-child\" data-id=\"a54996d\" data-element_type=\"container\">\n\t\t\t\t<\/div>\n\t\t<div class=\"elementor-element elementor-element-e9f2732 e-con-full e-flex e-con e-child\" data-id=\"e9f2732\" data-element_type=\"container\">\n\t\t\t\t<div class=\"elementor-element elementor-element-fd169df elementor-widget elementor-widget-text-editor\" data-id=\"fd169df\" data-element_type=\"widget\" data-widget_type=\"text-editor.default\">\n\t\t\t\t<div class=\"elementor-widget-container\">\n\t\t\t\t\t\t\t\t\t<p>Al nostre espai dedicat a la cocteleria, et convidem a descobrir una col\u00b7lecci\u00f3 \u00fanica de copes i gadgets de vidre dissenyats amb passi\u00f3 i cura.<\/p>\t\t\t\t\t\t\t\t<\/div>\n\t\t\t\t<\/div>\n\t\t\t\t<div class=\"elementor-element elementor-element-b9547f5 elementor-widget elementor-widget-text-editor\" data-id=\"b9547f5\" data-element_type=\"widget\" data-widget_type=\"text-editor.default\">\n\t\t\t\t<div class=\"elementor-widget-container\">\n\t\t\t\t\t\t\t\t\t<p>Des de les vibrants copes de fantasia fins als elegants gots, cada pe\u00e7a ha estat curosament seleccionada i elaborada per afegir un toc de distinci\u00f3 a les creacions.&nbsp;<\/p>\t\t\t\t\t\t\t\t<\/div>\n\t\t\t\t<\/div>\n\t\t\t\t<div class=\"elementor-element elementor-element-3dbff50 elementor-widget elementor-widget-button\" data-id=\"3dbff50\" data-element_type=\"widget\" data-widget_type=\"button.default\">\n\t\t\t\t<div class=\"elementor-widget-container\">\n\t\t\t\t\t\t\t\t\t<div class=\"elementor-button-wrapper\">\n\t\t\t\t\t<a class=\"elementor-button elementor-button-link elementor-size-sm\" href=\"https:\/\/www.glassgourmet.es\/ca\/glassmixology_cocteleria\/\" target=\"_blank\">\n\t\t\t\t\t\t<span class=\"elementor-button-content-wrapper\">\n\t\t\t\t\t\t<span class=\"elementor-button-icon\">\n\t\t\t\t<svg xmlns=\"http:\/\/www.w3.org\/2000\/svg\" width=\"22\" height=\"23\" viewBox=\"0 0 22 23\" fill=\"none\"><path d=\"M11.8234 17.8529L17.9998 11.6765L11.8234 5.5\" stroke=\"black\"><\/path><path d=\"M3 11.6765H18\" stroke=\"black\"><\/path><\/svg>\t\t\t<\/span>\n\t\t\t\t\t\t\t\t\t<span class=\"elementor-button-text\">www.glassmixology.es<\/span>\n\t\t\t\t\t<\/span>\n\t\t\t\t\t<\/a>\n\t\t\t\t<\/div>\n\t\t\t\t\t\t\t\t<\/div>\n\t\t\t\t<\/div>\n\t\t\t\t<\/div>\n\t\t<div class=\"elementor-element elementor-element-91e64cb e-con-full e-flex e-con e-child\" data-id=\"91e64cb\" data-element_type=\"container\">\n\t\t\t\t<div class=\"elementor-element elementor-element-eac06db elementor-widget elementor-widget-image\" data-id=\"eac06db\" data-element_type=\"widget\" data-widget_type=\"image.default\">\n\t\t\t\t<div class=\"elementor-widget-container\">\n\t\t\t\t\t\t\t\t\t\t\t\t\t\t\t<img fetchpriority=\"high\" decoding=\"async\" width=\"2560\" height=\"1707\" src=\"https:\/\/www.futureglass.es\/wp-content\/uploads\/2025\/07\/CAMBIAR-POR-LA-DE-BOLS-DORADOS-scaled.jpg\" class=\"attachment-full size-full wp-image-14519\" alt=\"\" srcset=\"https:\/\/www.futureglass.es\/wp-content\/uploads\/2025\/07\/CAMBIAR-POR-LA-DE-BOLS-DORADOS-scaled.jpg 2560w, https:\/\/www.futureglass.es\/wp-content\/uploads\/2025\/07\/CAMBIAR-POR-LA-DE-BOLS-DORADOS-300x200.jpg 300w, https:\/\/www.futureglass.es\/wp-content\/uploads\/2025\/07\/CAMBIAR-POR-LA-DE-BOLS-DORADOS-1024x683.jpg 1024w, https:\/\/www.futureglass.es\/wp-content\/uploads\/2025\/07\/CAMBIAR-POR-LA-DE-BOLS-DORADOS-768x512.jpg 768w, https:\/\/www.futureglass.es\/wp-content\/uploads\/2025\/07\/CAMBIAR-POR-LA-DE-BOLS-DORADOS-1536x1024.jpg 1536w, https:\/\/www.futureglass.es\/wp-content\/uploads\/2025\/07\/CAMBIAR-POR-LA-DE-BOLS-DORADOS-2048x1365.jpg 2048w\" sizes=\"(max-width: 2560px) 100vw, 2560px\" \/>\t\t\t\t\t\t\t\t\t\t\t\t\t\t\t<\/div>\n\t\t\t\t<\/div>\n\t\t\t\t<\/div>\n\t\t\t\t<\/div>\n\t\t<div class=\"elementor-element elementor-element-c275687 e-con-full e-flex e-con e-parent\" data-id=\"c275687\" data-element_type=\"container\">\n\t\t<div class=\"elementor-element elementor-element-65aa993 e-con-full e-flex e-con e-child\" data-id=\"65aa993\" data-element_type=\"container\">\n\t\t\t\t<div class=\"elementor-element elementor-element-bbc1b23 elementor-widget elementor-widget-heading\" data-id=\"bbc1b23\" data-element_type=\"widget\" data-widget_type=\"heading.default\">\n\t\t\t\t<div class=\"elementor-widget-container\">\n\t\t\t\t\t<h2 class=\"elementor-heading-title elementor-size-default\">Aixeca la teva copa i brinda per la m\u00e0gia de la mixologia!<\/h2>\t\t\t\t<\/div>\n\t\t\t\t<\/div>\n\t\t\t\t<\/div>\n\t\t<div class=\"elementor-element elementor-element-fb3b244 e-con-full e-flex e-con e-child\" data-id=\"fb3b244\" data-element_type=\"container\">\n\t\t\t\t<div class=\"elementor-element elementor-element-50346e2 custom-carrusel-gass elementor-arrows-position-inside elementor-widget elementor-widget-image-carousel\" data-id=\"50346e2\" data-element_type=\"widget\" data-settings=\"{&quot;navigation&quot;:&quot;arrows&quot;,&quot;autoplay_speed&quot;:3500,&quot;image_spacing_custom&quot;:{&quot;unit&quot;:&quot;px&quot;,&quot;size&quot;:40,&quot;sizes&quot;:[]},&quot;autoplay&quot;:&quot;yes&quot;,&quot;infinite&quot;:&quot;yes&quot;,&quot;speed&quot;:500,&quot;image_spacing_custom_tablet&quot;:{&quot;unit&quot;:&quot;px&quot;,&quot;size&quot;:&quot;&quot;,&quot;sizes&quot;:[]},&quot;image_spacing_custom_mobile&quot;:{&quot;unit&quot;:&quot;px&quot;,&quot;size&quot;:&quot;&quot;,&quot;sizes&quot;:[]}}\" data-widget_type=\"image-carousel.default\">\n\t\t\t\t<div class=\"elementor-widget-container\">\n\t\t\t\t\t\t\t<div class=\"elementor-image-carousel-wrapper swiper\" role=\"region\" aria-roledescription=\"carousel\" aria-label=\"Carrusel de im\u00e1genes\" dir=\"ltr\">\n\t\t\t<div class=\"elementor-image-carousel swiper-wrapper\" aria-live=\"off\">\n\t\t\t\t\t\t\t\t<div class=\"swiper-slide\" role=\"group\" aria-roledescription=\"slide\" aria-label=\"1 of 8\"><figure class=\"swiper-slide-inner\"><img decoding=\"async\" class=\"swiper-slide-image\" src=\"https:\/\/www.futureglass.es\/wp-content\/uploads\/2025\/03\/1.GLASSGOURMET-15-copia-scaled.webp\" alt=\"1.GLASSGOURMET-15 copia\" \/><\/figure><\/div><div class=\"swiper-slide\" role=\"group\" aria-roledescription=\"slide\" aria-label=\"2 of 8\"><figure class=\"swiper-slide-inner\"><img decoding=\"async\" class=\"swiper-slide-image\" src=\"https:\/\/www.futureglass.es\/wp-content\/uploads\/2025\/03\/1.GLASSGOURMET-139-copia-scaled.webp\" alt=\"1.GLASSGOURMET-139 copia\" \/><\/figure><\/div><div class=\"swiper-slide\" role=\"group\" aria-roledescription=\"slide\" aria-label=\"3 of 8\"><figure class=\"swiper-slide-inner\"><img decoding=\"async\" class=\"swiper-slide-image\" src=\"https:\/\/www.futureglass.es\/wp-content\/uploads\/2025\/03\/2.GLASSGOURMET-5-copia-scaled.webp\" alt=\"2.GLASSGOURMET-5 copia\" \/><\/figure><\/div><div class=\"swiper-slide\" role=\"group\" aria-roledescription=\"slide\" aria-label=\"4 of 8\"><figure class=\"swiper-slide-inner\"><img decoding=\"async\" class=\"swiper-slide-image\" src=\"https:\/\/www.futureglass.es\/wp-content\/uploads\/2025\/03\/2.GLASSGOURMET-37-copia-scaled.webp\" alt=\"2.GLASSGOURMET-37 copia\" \/><\/figure><\/div><div class=\"swiper-slide\" role=\"group\" aria-roledescription=\"slide\" aria-label=\"5 of 8\"><figure class=\"swiper-slide-inner\"><img decoding=\"async\" class=\"swiper-slide-image\" src=\"https:\/\/www.futureglass.es\/wp-content\/uploads\/2025\/03\/2.GLASSGOURMET-40-copia-scaled.webp\" alt=\"2.GLASSGOURMET-40 copia\" \/><\/figure><\/div><div class=\"swiper-slide\" role=\"group\" aria-roledescription=\"slide\" aria-label=\"6 of 8\"><figure class=\"swiper-slide-inner\"><img decoding=\"async\" class=\"swiper-slide-image\" src=\"https:\/\/www.futureglass.es\/wp-content\/uploads\/2025\/03\/2.GLASSGOURMET-55-copia-scaled.webp\" alt=\"2.GLASSGOURMET-55 copia\" \/><\/figure><\/div><div class=\"swiper-slide\" role=\"group\" aria-roledescription=\"slide\" aria-label=\"7 of 8\"><figure class=\"swiper-slide-inner\"><img decoding=\"async\" class=\"swiper-slide-image\" src=\"https:\/\/www.futureglass.es\/wp-content\/uploads\/2025\/03\/2.GLASSGOURMET-57-copia-scaled.webp\" alt=\"2.GLASSGOURMET-57 copia\" \/><\/figure><\/div><div class=\"swiper-slide\" role=\"group\" aria-roledescription=\"slide\" aria-label=\"8 of 8\"><figure class=\"swiper-slide-inner\"><img decoding=\"async\" class=\"swiper-slide-image\" src=\"https:\/\/www.futureglass.es\/wp-content\/uploads\/2025\/03\/2.GLASSGOURMET-58-copia-scaled.webp\" alt=\"2.GLASSGOURMET-58 copia\" \/><\/figure><\/div>\t\t\t<\/div>\n\t\t\t\t\t\t\t\t\t\t\t\t<div class=\"elementor-swiper-button elementor-swiper-button-prev\" role=\"button\" tabindex=\"0\">\n\t\t\t\t\t\t<svg xmlns=\"http:\/\/www.w3.org\/2000\/svg\" width=\"28\" height=\"28\" viewBox=\"0 0 28 28\" fill=\"none\"><path d=\"M12.765 19.5294L7.00031 13.7647L12.765 8\" stroke=\"black\"><\/path><path d=\"M21 13.7646H7\" stroke=\"black\"><\/path><rect x=\"-0.5\" y=\"0.5\" width=\"27\" height=\"27\" rx=\"13.5\" transform=\"matrix(-1 0 0 1 27 0)\" stroke=\"#EAEAEA\"><\/rect><\/svg>\t\t\t\t\t<\/div>\n\t\t\t\t\t<div class=\"elementor-swiper-button elementor-swiper-button-next\" role=\"button\" tabindex=\"0\">\n\t\t\t\t\t\t<svg xmlns=\"http:\/\/www.w3.org\/2000\/svg\" width=\"28\" height=\"28\" viewBox=\"0 0 28 28\" fill=\"none\"><path d=\"M15.235 19.5294L20.9997 13.7647L15.235 8\" stroke=\"black\"><\/path><path d=\"M7 13.7646H21\" stroke=\"black\"><\/path><rect x=\"0.5\" y=\"0.5\" width=\"27\" height=\"27\" rx=\"13.5\" stroke=\"#EAEAEA\"><\/rect><\/svg>\t\t\t\t\t<\/div>\n\t\t\t\t\n\t\t\t\t\t\t\t\t\t<\/div>\n\t\t\t\t\t\t<\/div>\n\t\t\t\t<\/div>\n\t\t\t\t<\/div>\n\t\t<div class=\"elementor-element elementor-element-832a145 e-con-full elementor-hidden-tablet elementor-hidden-mobile e-flex e-con e-child\" data-id=\"832a145\" data-element_type=\"container\">\n\t\t\t\t<\/div>\n\t\t<div class=\"elementor-element elementor-element-67b9f56 e-con-full e-flex e-con e-child\" data-id=\"67b9f56\" data-element_type=\"container\">\n\t\t\t\t<div class=\"elementor-element elementor-element-ad035a9 elementor-widget elementor-widget-text-editor\" data-id=\"ad035a9\" data-element_type=\"widget\" data-widget_type=\"text-editor.default\">\n\t\t\t\t<div class=\"elementor-widget-container\">\n\t\t\t\t\t\t\t\t\tNosaltres, a Glassgourmet, creiem que un bon c\u00f2ctel \u00e9s m\u00e9s que una beguda: \u00e9s una obra mestra que celebra la vida i els moments especials.\n Aix\u00ed que uneix-te a nosaltres i submergeix-te al m\u00f3n de la cocteleria amb Glassgourmet.\t\t\t\t\t\t\t\t<\/div>\n\t\t\t\t<\/div>\n\t\t\t\t<\/div>\n\t\t\t\t<\/div>\n\t\t\t\t<\/div>\n\t\t","protected":false},"excerpt":{"rendered":"<p>Bufem art per a cada c\u00f2ctel. Imagina un lloc on la creativitat es troba amb l&#8217;eleg\u00e0ncia i cada glop \u00e9s una experi\u00e8ncia per als sentits. Al nostre espai dedicat a la cocteleria, et convidem a descobrir una col\u00b7lecci\u00f3 \u00fanica de copes i gadgets de vidre dissenyats amb passi\u00f3 i cura. Des de les vibrants copes [&hellip;]<\/p>\n","protected":false},"author":1,"featured_media":0,"parent":0,"menu_order":0,"comment_status":"closed","ping_status":"closed","template":"","meta":{"_acf_changed":false,"footnotes":""},"class_list":["post-14541","page","type-page","status-publish","hentry"],"acf":[],"yoast_head":"<!-- This site is optimized with the Yoast SEO plugin v25.7 - https:\/\/yoast.com\/wordpress\/plugins\/seo\/ -->\n<title>Glassmixology - FUTUREGLASS<\/title>\n<meta name=\"robots\" content=\"index, follow, max-snippet:-1, max-image-preview:large, max-video-preview:-1\" \/>\n<link rel=\"canonical\" href=\"https:\/\/www.futureglass.es\/ca\/glassmixology\/\" \/>\n<meta property=\"og:locale\" content=\"ca_ES\" \/>\n<meta property=\"og:type\" content=\"article\" \/>\n<meta property=\"og:title\" content=\"Glassmixology - FUTUREGLASS\" \/>\n<meta property=\"og:description\" content=\"Bufem art per a cada c\u00f2ctel. Imagina un lloc on la creativitat es troba amb l&#8217;eleg\u00e0ncia i cada glop \u00e9s una experi\u00e8ncia per als sentits. Al nostre espai dedicat a la cocteleria, et convidem a descobrir una col\u00b7lecci\u00f3 \u00fanica de copes i gadgets de vidre dissenyats amb passi\u00f3 i cura. Des de les vibrants copes [&hellip;]\" \/>\n<meta property=\"og:url\" content=\"https:\/\/www.futureglass.es\/ca\/glassmixology\/\" \/>\n<meta property=\"og:site_name\" content=\"FUTUREGLASS\" \/>\n<meta property=\"article:modified_time\" content=\"2025-07-22T10:14:26+00:00\" \/>\n<meta property=\"og:image\" content=\"https:\/\/www.futureglass.es\/wp-content\/uploads\/2025\/05\/mixology-ion.svg\" \/>\n<meta name=\"twitter:card\" content=\"summary_large_image\" \/>\n<meta name=\"twitter:label1\" content=\"Est. reading time\" \/>\n\t<meta name=\"twitter:data1\" content=\"1 minute\" \/>\n<script type=\"application\/ld+json\" class=\"yoast-schema-graph\">{\"@context\":\"https:\/\/schema.org\",\"@graph\":[{\"@type\":\"WebPage\",\"@id\":\"https:\/\/www.futureglass.es\/ca\/glassmixology\/\",\"url\":\"https:\/\/www.futureglass.es\/ca\/glassmixology\/\",\"name\":\"Glassmixology - FUTUREGLASS\",\"isPartOf\":{\"@id\":\"https:\/\/www.futureglass.es\/#website\"},\"primaryImageOfPage\":{\"@id\":\"https:\/\/www.futureglass.es\/ca\/glassmixology\/#primaryimage\"},\"image\":{\"@id\":\"https:\/\/www.futureglass.es\/ca\/glassmixology\/#primaryimage\"},\"thumbnailUrl\":\"https:\/\/www.futureglass.es\/wp-content\/uploads\/2025\/05\/mixology-ion.svg\",\"datePublished\":\"2025-05-06T14:37:13+00:00\",\"dateModified\":\"2025-07-22T10:14:26+00:00\",\"breadcrumb\":{\"@id\":\"https:\/\/www.futureglass.es\/ca\/glassmixology\/#breadcrumb\"},\"inLanguage\":\"ca\",\"potentialAction\":[{\"@type\":\"ReadAction\",\"target\":[\"https:\/\/www.futureglass.es\/ca\/glassmixology\/\"]}]},{\"@type\":\"ImageObject\",\"inLanguage\":\"ca\",\"@id\":\"https:\/\/www.futureglass.es\/ca\/glassmixology\/#primaryimage\",\"url\":\"https:\/\/www.futureglass.es\/wp-content\/uploads\/2025\/05\/mixology-ion.svg\",\"contentUrl\":\"https:\/\/www.futureglass.es\/wp-content\/uploads\/2025\/05\/mixology-ion.svg\"},{\"@type\":\"BreadcrumbList\",\"@id\":\"https:\/\/www.futureglass.es\/ca\/glassmixology\/#breadcrumb\",\"itemListElement\":[{\"@type\":\"ListItem\",\"position\":1,\"name\":\"Portada\",\"item\":\"https:\/\/www.futureglass.es\/ca\/inici\/\"},{\"@type\":\"ListItem\",\"position\":2,\"name\":\"Glassmixology\"}]},{\"@type\":\"WebSite\",\"@id\":\"https:\/\/www.futureglass.es\/#website\",\"url\":\"https:\/\/www.futureglass.es\/\",\"name\":\"FUTUREGLASS\",\"description\":\"\",\"publisher\":{\"@id\":\"https:\/\/www.futureglass.es\/#organization\"},\"potentialAction\":[{\"@type\":\"SearchAction\",\"target\":{\"@type\":\"EntryPoint\",\"urlTemplate\":\"https:\/\/www.futureglass.es\/?s={search_term_string}\"},\"query-input\":{\"@type\":\"PropertyValueSpecification\",\"valueRequired\":true,\"valueName\":\"search_term_string\"}}],\"inLanguage\":\"ca\"},{\"@type\":\"Organization\",\"@id\":\"https:\/\/www.futureglass.es\/#organization\",\"name\":\"FUTUREGLASS\",\"url\":\"https:\/\/www.futureglass.es\/\",\"logo\":{\"@type\":\"ImageObject\",\"inLanguage\":\"ca\",\"@id\":\"https:\/\/www.futureglass.es\/#\/schema\/logo\/image\/\",\"url\":\"https:\/\/www.futureglass.es\/wp-content\/uploads\/2025\/03\/Recurso-9.svg\",\"contentUrl\":\"https:\/\/www.futureglass.es\/wp-content\/uploads\/2025\/03\/Recurso-9.svg\",\"width\":1,\"height\":1,\"caption\":\"FUTUREGLASS\"},\"image\":{\"@id\":\"https:\/\/www.futureglass.es\/#\/schema\/logo\/image\/\"}}]}<\/script>\n<!-- \/ Yoast SEO plugin. -->","yoast_head_json":{"title":"Glassmixology - FUTUREGLASS","robots":{"index":"index","follow":"follow","max-snippet":"max-snippet:-1","max-image-preview":"max-image-preview:large","max-video-preview":"max-video-preview:-1"},"canonical":"https:\/\/www.futureglass.es\/ca\/glassmixology\/","og_locale":"ca_ES","og_type":"article","og_title":"Glassmixology - FUTUREGLASS","og_description":"Bufem art per a cada c\u00f2ctel. Imagina un lloc on la creativitat es troba amb l&#8217;eleg\u00e0ncia i cada glop \u00e9s una experi\u00e8ncia per als sentits. Al nostre espai dedicat a la cocteleria, et convidem a descobrir una col\u00b7lecci\u00f3 \u00fanica de copes i gadgets de vidre dissenyats amb passi\u00f3 i cura. Des de les vibrants copes [&hellip;]","og_url":"https:\/\/www.futureglass.es\/ca\/glassmixology\/","og_site_name":"FUTUREGLASS","article_modified_time":"2025-07-22T10:14:26+00:00","og_image":[{"url":"https:\/\/www.futureglass.es\/wp-content\/uploads\/2025\/05\/mixology-ion.svg","type":"","width":"","height":""}],"twitter_card":"summary_large_image","twitter_misc":{"Est. reading time":"1 minute"},"schema":{"@context":"https:\/\/schema.org","@graph":[{"@type":"WebPage","@id":"https:\/\/www.futureglass.es\/ca\/glassmixology\/","url":"https:\/\/www.futureglass.es\/ca\/glassmixology\/","name":"Glassmixology - FUTUREGLASS","isPartOf":{"@id":"https:\/\/www.futureglass.es\/#website"},"primaryImageOfPage":{"@id":"https:\/\/www.futureglass.es\/ca\/glassmixology\/#primaryimage"},"image":{"@id":"https:\/\/www.futureglass.es\/ca\/glassmixology\/#primaryimage"},"thumbnailUrl":"https:\/\/www.futureglass.es\/wp-content\/uploads\/2025\/05\/mixology-ion.svg","datePublished":"2025-05-06T14:37:13+00:00","dateModified":"2025-07-22T10:14:26+00:00","breadcrumb":{"@id":"https:\/\/www.futureglass.es\/ca\/glassmixology\/#breadcrumb"},"inLanguage":"ca","potentialAction":[{"@type":"ReadAction","target":["https:\/\/www.futureglass.es\/ca\/glassmixology\/"]}]},{"@type":"ImageObject","inLanguage":"ca","@id":"https:\/\/www.futureglass.es\/ca\/glassmixology\/#primaryimage","url":"https:\/\/www.futureglass.es\/wp-content\/uploads\/2025\/05\/mixology-ion.svg","contentUrl":"https:\/\/www.futureglass.es\/wp-content\/uploads\/2025\/05\/mixology-ion.svg"},{"@type":"BreadcrumbList","@id":"https:\/\/www.futureglass.es\/ca\/glassmixology\/#breadcrumb","itemListElement":[{"@type":"ListItem","position":1,"name":"Portada","item":"https:\/\/www.futureglass.es\/ca\/inici\/"},{"@type":"ListItem","position":2,"name":"Glassmixology"}]},{"@type":"WebSite","@id":"https:\/\/www.futureglass.es\/#website","url":"https:\/\/www.futureglass.es\/","name":"FUTUREGLASS","description":"","publisher":{"@id":"https:\/\/www.futureglass.es\/#organization"},"potentialAction":[{"@type":"SearchAction","target":{"@type":"EntryPoint","urlTemplate":"https:\/\/www.futureglass.es\/?s={search_term_string}"},"query-input":{"@type":"PropertyValueSpecification","valueRequired":true,"valueName":"search_term_string"}}],"inLanguage":"ca"},{"@type":"Organization","@id":"https:\/\/www.futureglass.es\/#organization","name":"FUTUREGLASS","url":"https:\/\/www.futureglass.es\/","logo":{"@type":"ImageObject","inLanguage":"ca","@id":"https:\/\/www.futureglass.es\/#\/schema\/logo\/image\/","url":"https:\/\/www.futureglass.es\/wp-content\/uploads\/2025\/03\/Recurso-9.svg","contentUrl":"https:\/\/www.futureglass.es\/wp-content\/uploads\/2025\/03\/Recurso-9.svg","width":1,"height":1,"caption":"FUTUREGLASS"},"image":{"@id":"https:\/\/www.futureglass.es\/#\/schema\/logo\/image\/"}}]}},"_links":{"self":[{"href":"https:\/\/www.futureglass.es\/ca\/wp-json\/wp\/v2\/pages\/14541","targetHints":{"allow":["GET"]}}],"collection":[{"href":"https:\/\/www.futureglass.es\/ca\/wp-json\/wp\/v2\/pages"}],"about":[{"href":"https:\/\/www.futureglass.es\/ca\/wp-json\/wp\/v2\/types\/page"}],"author":[{"embeddable":true,"href":"https:\/\/www.futureglass.es\/ca\/wp-json\/wp\/v2\/users\/1"}],"replies":[{"embeddable":true,"href":"https:\/\/www.futureglass.es\/ca\/wp-json\/wp\/v2\/comments?post=14541"}],"version-history":[{"count":4,"href":"https:\/\/www.futureglass.es\/ca\/wp-json\/wp\/v2\/pages\/14541\/revisions"}],"predecessor-version":[{"id":14674,"href":"https:\/\/www.futureglass.es\/ca\/wp-json\/wp\/v2\/pages\/14541\/revisions\/14674"}],"wp:attachment":[{"href":"https:\/\/www.futureglass.es\/ca\/wp-json\/wp\/v2\/media?parent=14541"}],"curies":[{"name":"wp","href":"https:\/\/api.w.org\/{rel}","templated":true}]}}